{"id":51,"date":"2020-10-13T16:58:05","date_gmt":"2020-10-13T14:58:05","guid":{"rendered":"https:\/\/cielarca.com\/?page_id=51"},"modified":"2025-10-24T16:45:14","modified_gmt":"2025-10-24T14:45:14","slug":"lassociation","status":"publish","type":"page","link":"https:\/\/cielarca.com\/?page_id=51","title":{"rendered":"L&rsquo;Association"},"content":{"rendered":"\n<p><strong>La Compagnie L\u2019Arca<\/strong> est n\u00e9e \u00e0 Lorient l\u2019\u00e9t\u00e9 2020. Elle est fond\u00e9e sous forme d\u2019association \u00e0 la demande des artistes Thomas Felder et Clara Diez M\u00e1rquez pour accompagner leurs d\u00e9marches artistiques. Elle a pour but la production, valorisation, diffusion et promotion de leurs cr\u00e9ations.<\/p>\n\n\n\n<p><strong>L\u2019Arca<\/strong> s\u2019inscrit dans une d\u00e9marche de territoire par son ancrage \u00e0 la ville de Lorient et aux lieux d\u2019origine des deux artistes (Rennes et Asturies). Ces endroits inspirent et marquent l\u2019esth\u00e9tique de leur musique. D\u2019autres lignes de travail sont la perspective de genre dans les musiques actuelles ou la d\u00e9fense de leur esth\u00e9tique artistique dans les musiques dites traditionnelles.<\/p>\n\n\n\n<p><strong>Le bureau de l\u2019association<\/strong> est form\u00e9 par Manon le Querler (pr\u00e9sidente) et Mari-Ma\u00ebl Tanneau (secr\u00e9taire). <br><strong>Artistes associ\u00e9s<\/strong>\u00a0: Martin Chapron, Manu Le Duigou, Sylvain Herv\u00e9, Jean-F\u00e9lix Hautbois, St\u00e9phane Kerihuel et Roland Conq.<\/p>\n\n\n\n<p>L\u2019Arca travaille dans la mutualisation des leurs ressources avec d\u2019autres structures comme <a href=\"https:\/\/pagans.bandcamp.com\/\">Pagans<\/a>, <a href=\"https:\/\/hartbrut.com\/\">Hart Brut <\/a>et <a href=\"http:\/\/route164.fr\/\">Route 164<\/a>.<\/p>\n\n\n\n<p><\/p>\n","protected":false},"excerpt":{"rendered":"<p>La Compagnie L\u2019Arca est n\u00e9e \u00e0 Lorient l\u2019\u00e9t\u00e9 2020. Elle est fond\u00e9e sous forme d\u2019association \u00e0 la demande des artistes Thomas Felder [&hellip;]<\/p>\n","protected":false},"author":1,"featured_media":0,"parent":0,"menu_order":0,"comment_status":"closed","ping_status":"closed","template":"page-templates\/page_fullwidth.php","meta":{"footnotes":""},"class_list":["post-51","page","type-page","status-publish","hentry"],"_links":{"self":[{"href":"https:\/\/cielarca.com\/index.php?rest_route=\/wp\/v2\/pages\/51","targetHints":{"allow":["GET"]}}],"collection":[{"href":"https:\/\/cielarca.com\/index.php?rest_route=\/wp\/v2\/pages"}],"about":[{"href":"https:\/\/cielarca.com\/index.php?rest_route=\/wp\/v2\/types\/page"}],"author":[{"embeddable":true,"href":"https:\/\/cielarca.com\/index.php?rest_route=\/wp\/v2\/users\/1"}],"replies":[{"embeddable":true,"href":"https:\/\/cielarca.com\/index.php?rest_route=%2Fwp%2Fv2%2Fcomments&post=51"}],"version-history":[{"count":7,"href":"https:\/\/cielarca.com\/index.php?rest_route=\/wp\/v2\/pages\/51\/revisions"}],"predecessor-version":[{"id":291,"href":"https:\/\/cielarca.com\/index.php?rest_route=\/wp\/v2\/pages\/51\/revisions\/291"}],"wp:attachment":[{"href":"https:\/\/cielarca.com\/index.php?rest_route=%2Fwp%2Fv2%2Fmedia&parent=51"}],"curies":[{"name":"wp","href":"https:\/\/api.w.org\/{rel}","templated":true}]}}