{"id":385,"date":"2025-10-27T14:28:59","date_gmt":"2025-10-27T13:28:59","guid":{"rendered":"https:\/\/cielarca.com\/?page_id=385"},"modified":"2025-10-27T14:29:00","modified_gmt":"2025-10-27T13:29:00","slug":"el-conciertin-de-muga","status":"publish","type":"page","link":"https:\/\/cielarca.com\/?page_id=385","title":{"rendered":"El Conciert\u00edn de Muga"},"content":{"rendered":"\n<figure class=\"wp-block-image aligncenter size-large\"><img loading=\"lazy\" decoding=\"async\" width=\"1024\" height=\"576\" src=\"https:\/\/cielarca.com\/wp-content\/uploads\/2025\/10\/DSC00101-1024x576.jpg\" alt=\"\" class=\"wp-image-386\" srcset=\"https:\/\/cielarca.com\/wp-content\/uploads\/2025\/10\/DSC00101-1024x576.jpg 1024w, https:\/\/cielarca.com\/wp-content\/uploads\/2025\/10\/DSC00101-300x169.jpg 300w, https:\/\/cielarca.com\/wp-content\/uploads\/2025\/10\/DSC00101-768x432.jpg 768w, https:\/\/cielarca.com\/wp-content\/uploads\/2025\/10\/DSC00101-1536x864.jpg 1536w, https:\/\/cielarca.com\/wp-content\/uploads\/2025\/10\/DSC00101-2048x1152.jpg 2048w, https:\/\/cielarca.com\/wp-content\/uploads\/2025\/10\/DSC00101-1000x563.jpg 1000w, https:\/\/cielarca.com\/wp-content\/uploads\/2025\/10\/DSC00101-230x129.jpg 230w, https:\/\/cielarca.com\/wp-content\/uploads\/2025\/10\/DSC00101-350x197.jpg 350w, https:\/\/cielarca.com\/wp-content\/uploads\/2025\/10\/DSC00101-480x270.jpg 480w\" sizes=\"auto, (max-width: 1024px) 100vw, 1024px\" \/><figcaption class=\"wp-element-caption\"><em>Cr\u00e9dit photo: La car\u00e8ne<\/em><\/figcaption><\/figure>\n\n\n\n<p class=\"has-text-align-center\" style=\"font-size:24px\">Ours, montagnes, loups, f\u00e9es et autres personnages mythologiques. Les Asturies regorgent de couleurs et d&rsquo;images pour raconter leur quotidien, leurs paysages et leurs habitants, plus ou moins poilus!<\/p>\n\n\n\n<p class=\"has-text-align-center\">&#8211;<\/p>\n\n\n\n<p class=\"has-text-align-center\" style=\"font-size:20px\">\u00c0 la demande de la SMAC La Car\u00e8ne \u00e0 Brest en 2021, Muga pr\u00e9sente ce petit concert en acoustique \u00e0 destination des enfants de z\u00e9ro \u00e0 deux ans et de leurs parents. Cr\u00e8ches, haltes-garderies ou centres sociaux, <strong>El Conciert\u00edn de Muga<\/strong> s&rsquo;adapte aux besoins des organisateurs.<\/p>\n","protected":false},"excerpt":{"rendered":"<p>Ours, montagnes, loups, f\u00e9es et autres personnages mythologiques. Les Asturies regorgent de couleurs et d&rsquo;images pour raconter leur quotidien, leurs paysages et [&hellip;]<\/p>\n","protected":false},"author":1,"featured_media":0,"parent":91,"menu_order":0,"comment_status":"closed","ping_status":"closed","template":"","meta":{"footnotes":""},"class_list":["post-385","page","type-page","status-publish","hentry"],"_links":{"self":[{"href":"https:\/\/cielarca.com\/index.php?rest_route=\/wp\/v2\/pages\/385","targetHints":{"allow":["GET"]}}],"collection":[{"href":"https:\/\/cielarca.com\/index.php?rest_route=\/wp\/v2\/pages"}],"about":[{"href":"https:\/\/cielarca.com\/index.php?rest_route=\/wp\/v2\/types\/page"}],"author":[{"embeddable":true,"href":"https:\/\/cielarca.com\/index.php?rest_route=\/wp\/v2\/users\/1"}],"replies":[{"embeddable":true,"href":"https:\/\/cielarca.com\/index.php?rest_route=%2Fwp%2Fv2%2Fcomments&post=385"}],"version-history":[{"count":1,"href":"https:\/\/cielarca.com\/index.php?rest_route=\/wp\/v2\/pages\/385\/revisions"}],"predecessor-version":[{"id":387,"href":"https:\/\/cielarca.com\/index.php?rest_route=\/wp\/v2\/pages\/385\/revisions\/387"}],"up":[{"embeddable":true,"href":"https:\/\/cielarca.com\/index.php?rest_route=\/wp\/v2\/pages\/91"}],"wp:attachment":[{"href":"https:\/\/cielarca.com\/index.php?rest_route=%2Fwp%2Fv2%2Fmedia&parent=385"}],"curies":[{"name":"wp","href":"https:\/\/api.w.org\/{rel}","templated":true}]}}