{"id":314,"date":"2025-10-24T17:21:04","date_gmt":"2025-10-24T15:21:04","guid":{"rendered":"https:\/\/cielarca.com\/?page_id=314"},"modified":"2025-10-27T16:08:40","modified_gmt":"2025-10-27T15:08:40","slug":"redlef-decoupages-pour-violon-seul","status":"publish","type":"page","link":"https:\/\/cielarca.com\/?page_id=314","title":{"rendered":"Redlef, D\u00e9coupages pour violon seul"},"content":{"rendered":"\n<figure class=\"wp-block-image aligncenter size-large is-resized\"><img loading=\"lazy\" decoding=\"async\" width=\"768\" height=\"1024\" src=\"https:\/\/cielarca.com\/wp-content\/uploads\/2025\/10\/portrait-768x1024.jpg\" alt=\"\" class=\"wp-image-315\" style=\"width:483px;height:auto\" srcset=\"https:\/\/cielarca.com\/wp-content\/uploads\/2025\/10\/portrait-768x1024.jpg 768w, https:\/\/cielarca.com\/wp-content\/uploads\/2025\/10\/portrait-225x300.jpg 225w, https:\/\/cielarca.com\/wp-content\/uploads\/2025\/10\/portrait-1152x1536.jpg 1152w, https:\/\/cielarca.com\/wp-content\/uploads\/2025\/10\/portrait-830x1107.jpg 830w, https:\/\/cielarca.com\/wp-content\/uploads\/2025\/10\/portrait-230x307.jpg 230w, https:\/\/cielarca.com\/wp-content\/uploads\/2025\/10\/portrait-350x467.jpg 350w, https:\/\/cielarca.com\/wp-content\/uploads\/2025\/10\/portrait-480x640.jpg 480w, https:\/\/cielarca.com\/wp-content\/uploads\/2025\/10\/portrait.jpg 1500w\" sizes=\"auto, (max-width: 768px) 100vw, 768px\" \/><\/figure>\n\n\n\n<p><\/p>\n\n\n\n<p><\/p>\n\n\n\n<p class=\"has-text-align-center\">Avec beaucoup d\u2019assurance, \u00c9mile Leffondr\u00e9, boulanger et violoneux, parlait de <strong><em>d\u00e9coupages <\/em><\/strong>pour \u00e9voquer la mani\u00e8re dont il donnait vie \u00e0 sa musique par son archet.<\/p>\n\n\n\n<p class=\"has-text-align-center\">Avec ce premier solo j\u2019ai voulu \u00e0 mon tour, \u00e0 ma mani\u00e8re, exp\u00e9rimenter mes propres d\u00e9coupages.<\/p>\n\n\n\n<p class=\"has-text-align-center has-black-color has-text-color has-link-color wp-elements-c444a80df577d51232665223ed5484fe\">La musique des violoneux de Haute-Bretagne m\u2019a toujours parue singuli\u00e8re, comme \u00e0 la lisi\u00e8re du monde. \u00c9couter leur musique a toujours \u00e9t\u00e9 pour moi une grande source d\u2019interrogation et d\u2019inspiration. Je suis impressionn\u00e9 par la modernit\u00e9 de leur posture et de leur son, leur absence de compromis et leur g\u00e9n\u00e9rosit\u00e9.<\/p>\n\n\n\n<p class=\"has-text-align-center has-black-color has-text-color has-link-color wp-elements-3c56fefe6aab3352924bbe52537677cf\">Apr\u00e8s avoir explor\u00e9 leurs archives sonores, j\u2019ai gard\u00e9 des empreintes, des gestes, des fragments m\u00e9lodiques, des timbres. Une succession de mat\u00e9riaux qui irriguent un discours \u00e0 la p\u00e9riph\u00e9rie des musiques improvis\u00e9es et amplifi\u00e9es. Un pont entre musique traditionnelle et musique contemporaine exp\u00e9rimentale.<\/p>\n\n\n\n<figure class=\"wp-block-image aligncenter size-large is-resized\"><img loading=\"lazy\" decoding=\"async\" width=\"768\" height=\"1024\" src=\"https:\/\/cielarca.com\/wp-content\/uploads\/2025\/10\/VIGULIN-fond-transparent-768x1024.png\" alt=\"\" class=\"wp-image-316\" style=\"width:113px;height:auto\" srcset=\"https:\/\/cielarca.com\/wp-content\/uploads\/2025\/10\/VIGULIN-fond-transparent-768x1024.png 768w, https:\/\/cielarca.com\/wp-content\/uploads\/2025\/10\/VIGULIN-fond-transparent-225x300.png 225w, https:\/\/cielarca.com\/wp-content\/uploads\/2025\/10\/VIGULIN-fond-transparent-1152x1536.png 1152w, https:\/\/cielarca.com\/wp-content\/uploads\/2025\/10\/VIGULIN-fond-transparent-1536x2048.png 1536w, https:\/\/cielarca.com\/wp-content\/uploads\/2025\/10\/VIGULIN-fond-transparent-830x1107.png 830w, https:\/\/cielarca.com\/wp-content\/uploads\/2025\/10\/VIGULIN-fond-transparent-230x307.png 230w, https:\/\/cielarca.com\/wp-content\/uploads\/2025\/10\/VIGULIN-fond-transparent-350x467.png 350w, https:\/\/cielarca.com\/wp-content\/uploads\/2025\/10\/VIGULIN-fond-transparent-480x640.png 480w, https:\/\/cielarca.com\/wp-content\/uploads\/2025\/10\/VIGULIN-fond-transparent-scaled.png 1920w\" sizes=\"auto, (max-width: 768px) 100vw, 768px\" \/><\/figure>\n\n\n\n<figure class=\"wp-block-image size-full\"><a href=\"https:\/\/cielarca.com\/wp-content\/uploads\/2025\/10\/Redlef_DOSSIER_2025_26.pdf\" target=\"_blank\" rel=\" noreferrer noopener\"><img loading=\"lazy\" decoding=\"async\" width=\"212\" height=\"63\" src=\"https:\/\/cielarca.com\/wp-content\/uploads\/2025\/10\/Captura-de-pantalla-2025-10-27-155122-3.png\" alt=\"\" class=\"wp-image-471\"\/><\/a><\/figure>\n\n\n\n<p><\/p>\n\n\n\n<figure class=\"wp-block-embed is-type-rich is-provider-soundcloud wp-block-embed-soundcloud wp-embed-aspect-4-3 wp-has-aspect-ratio\"><div class=\"wp-block-embed__wrapper\">\n<iframe loading=\"lazy\" title=\"Compagnie L&#039; Arca\" width=\"1170\" height=\"450\" scrolling=\"no\" frameborder=\"no\" src=\"https:\/\/w.soundcloud.com\/player\/?visual=true&#038;url=https%3A%2F%2Fapi.soundcloud.com%2Fusers%2F1169147551&#038;show_artwork=true&#038;maxheight=1000&#038;maxwidth=1170\"><\/iframe>\n<\/div><\/figure>\n","protected":false},"excerpt":{"rendered":"<p>Avec beaucoup d\u2019assurance, \u00c9mile Leffondr\u00e9, boulanger et violoneux, parlait de d\u00e9coupages pour \u00e9voquer la mani\u00e8re dont il donnait vie \u00e0 sa musique [&hellip;]<\/p>\n","protected":false},"author":1,"featured_media":0,"parent":91,"menu_order":0,"comment_status":"closed","ping_status":"closed","template":"","meta":{"footnotes":""},"class_list":["post-314","page","type-page","status-publish","hentry"],"_links":{"self":[{"href":"https:\/\/cielarca.com\/index.php?rest_route=\/wp\/v2\/pages\/314","targetHints":{"allow":["GET"]}}],"collection":[{"href":"https:\/\/cielarca.com\/index.php?rest_route=\/wp\/v2\/pages"}],"about":[{"href":"https:\/\/cielarca.com\/index.php?rest_route=\/wp\/v2\/types\/page"}],"author":[{"embeddable":true,"href":"https:\/\/cielarca.com\/index.php?rest_route=\/wp\/v2\/users\/1"}],"replies":[{"embeddable":true,"href":"https:\/\/cielarca.com\/index.php?rest_route=%2Fwp%2Fv2%2Fcomments&post=314"}],"version-history":[{"count":7,"href":"https:\/\/cielarca.com\/index.php?rest_route=\/wp\/v2\/pages\/314\/revisions"}],"predecessor-version":[{"id":478,"href":"https:\/\/cielarca.com\/index.php?rest_route=\/wp\/v2\/pages\/314\/revisions\/478"}],"up":[{"embeddable":true,"href":"https:\/\/cielarca.com\/index.php?rest_route=\/wp\/v2\/pages\/91"}],"wp:attachment":[{"href":"https:\/\/cielarca.com\/index.php?rest_route=%2Fwp%2Fv2%2Fmedia&parent=314"}],"curies":[{"name":"wp","href":"https:\/\/api.w.org\/{rel}","templated":true}]}}