{"id":307,"date":"2025-10-24T17:14:07","date_gmt":"2025-10-24T15:14:07","guid":{"rendered":"https:\/\/cielarca.com\/?page_id=307"},"modified":"2025-10-27T15:22:26","modified_gmt":"2025-10-27T14:22:26","slug":"conq-felder","status":"publish","type":"page","link":"https:\/\/cielarca.com\/?page_id=307","title":{"rendered":"Conq-Felder"},"content":{"rendered":"\n<figure class=\"wp-block-image aligncenter size-full\"><img loading=\"lazy\" decoding=\"async\" width=\"1162\" height=\"775\" src=\"https:\/\/cielarca.com\/wp-content\/uploads\/2025\/10\/duophoto-1.jpg\" alt=\"\" class=\"wp-image-434\" srcset=\"https:\/\/cielarca.com\/wp-content\/uploads\/2025\/10\/duophoto-1.jpg 1162w, https:\/\/cielarca.com\/wp-content\/uploads\/2025\/10\/duophoto-1-300x200.jpg 300w, https:\/\/cielarca.com\/wp-content\/uploads\/2025\/10\/duophoto-1-1024x683.jpg 1024w, https:\/\/cielarca.com\/wp-content\/uploads\/2025\/10\/duophoto-1-768x512.jpg 768w, https:\/\/cielarca.com\/wp-content\/uploads\/2025\/10\/duophoto-1-1000x667.jpg 1000w, https:\/\/cielarca.com\/wp-content\/uploads\/2025\/10\/duophoto-1-230x153.jpg 230w, https:\/\/cielarca.com\/wp-content\/uploads\/2025\/10\/duophoto-1-350x233.jpg 350w, https:\/\/cielarca.com\/wp-content\/uploads\/2025\/10\/duophoto-1-480x320.jpg 480w\" sizes=\"auto, (max-width: 1162px) 100vw, 1162px\" \/><figcaption class=\"wp-element-caption\"><em>Cr\u00e9dit photo: Eric Legret<\/em><\/figcaption><\/figure>\n\n\n\n<p><\/p>\n\n\n\n<p class=\"has-text-align-center\" style=\"font-size:24px\">Faire danser, donner \u00e0 entendre. Sortir des carcans en revenant \u00e0 la source. Une musique instinctive et enracin\u00e9e aux sonorit\u00e9s hors des usages et du temps. Un duo, un amour des instincts premiers des sonneurs, des ma\u00eetres \u00e0 danser. Pas d\u2019artifices, un son brut minimaliste, des bourdons aux grooves hypnotiques. Ne pas inventer la lune, elle existe d\u00e9j\u00e0.<\/p>\n\n\n\n<p class=\"has-text-align-center has-x-large-font-size\"><strong>*<\/strong><\/p>\n\n\n\n<figure class=\"wp-block-embed is-type-rich is-provider-soundcloud wp-block-embed-soundcloud\"><div class=\"wp-block-embed__wrapper\">\n<iframe loading=\"lazy\" title=\"Roland Conq-Thomas Felder Loudeac by Thomas Felder\" width=\"1170\" height=\"400\" scrolling=\"no\" frameborder=\"no\" src=\"https:\/\/w.soundcloud.com\/player\/?visual=true&#038;url=https%3A%2F%2Fapi.soundcloud.com%2Ftracks%2F686488363&#038;show_artwork=true&#038;maxheight=1000&#038;maxwidth=1170\"><\/iframe>\n<\/div><\/figure>\n\n\n\n<p><\/p>\n\n\n\n<figure class=\"wp-block-embed is-type-video is-provider-youtube wp-block-embed-youtube wp-embed-aspect-16-9 wp-has-aspect-ratio\"><div class=\"wp-block-embed__wrapper\">\n<iframe loading=\"lazy\" title=\"Duo Conq-Felder\" width=\"1170\" height=\"658\" src=\"https:\/\/www.youtube.com\/embed\/TmM8NPR1wtk?feature=oembed\" frameborder=\"0\" allow=\"accelerometer; autoplay; clipboard-write; encrypted-media; gyroscope; picture-in-picture; web-share\" referrerpolicy=\"strict-origin-when-cross-origin\" allowfullscreen><\/iframe>\n<\/div><\/figure>\n","protected":false},"excerpt":{"rendered":"<p>Faire danser, donner \u00e0 entendre. Sortir des carcans en revenant \u00e0 la source. Une musique instinctive et enracin\u00e9e aux sonorit\u00e9s hors des [&hellip;]<\/p>\n","protected":false},"author":1,"featured_media":0,"parent":91,"menu_order":0,"comment_status":"closed","ping_status":"closed","template":"","meta":{"footnotes":""},"class_list":["post-307","page","type-page","status-publish","hentry"],"_links":{"self":[{"href":"https:\/\/cielarca.com\/index.php?rest_route=\/wp\/v2\/pages\/307","targetHints":{"allow":["GET"]}}],"collection":[{"href":"https:\/\/cielarca.com\/index.php?rest_route=\/wp\/v2\/pages"}],"about":[{"href":"https:\/\/cielarca.com\/index.php?rest_route=\/wp\/v2\/types\/page"}],"author":[{"embeddable":true,"href":"https:\/\/cielarca.com\/index.php?rest_route=\/wp\/v2\/users\/1"}],"replies":[{"embeddable":true,"href":"https:\/\/cielarca.com\/index.php?rest_route=%2Fwp%2Fv2%2Fcomments&post=307"}],"version-history":[{"count":6,"href":"https:\/\/cielarca.com\/index.php?rest_route=\/wp\/v2\/pages\/307\/revisions"}],"predecessor-version":[{"id":438,"href":"https:\/\/cielarca.com\/index.php?rest_route=\/wp\/v2\/pages\/307\/revisions\/438"}],"up":[{"embeddable":true,"href":"https:\/\/cielarca.com\/index.php?rest_route=\/wp\/v2\/pages\/91"}],"wp:attachment":[{"href":"https:\/\/cielarca.com\/index.php?rest_route=%2Fwp%2Fv2%2Fmedia&parent=307"}],"curies":[{"name":"wp","href":"https:\/\/api.w.org\/{rel}","templated":true}]}}