{"id":292,"date":"2025-10-24T16:52:34","date_gmt":"2025-10-24T14:52:34","guid":{"rendered":"https:\/\/cielarca.com\/?page_id=292"},"modified":"2026-03-03T15:57:42","modified_gmt":"2026-03-03T14:57:42","slug":"tact","status":"publish","type":"page","link":"https:\/\/cielarca.com\/?page_id=292","title":{"rendered":"TACT"},"content":{"rendered":"\n<figure class=\"wp-block-image aligncenter size-large\"><img loading=\"lazy\" decoding=\"async\" width=\"1024\" height=\"674\" src=\"https:\/\/cielarca.com\/wp-content\/uploads\/2025\/10\/44-DSCF23862021-4-1024x674.jpg\" alt=\"\" class=\"wp-image-476\" srcset=\"https:\/\/cielarca.com\/wp-content\/uploads\/2025\/10\/44-DSCF23862021-4-1024x674.jpg 1024w, https:\/\/cielarca.com\/wp-content\/uploads\/2025\/10\/44-DSCF23862021-4-300x197.jpg 300w, https:\/\/cielarca.com\/wp-content\/uploads\/2025\/10\/44-DSCF23862021-4-768x505.jpg 768w, https:\/\/cielarca.com\/wp-content\/uploads\/2025\/10\/44-DSCF23862021-4-1536x1011.jpg 1536w, https:\/\/cielarca.com\/wp-content\/uploads\/2025\/10\/44-DSCF23862021-4-2048x1348.jpg 2048w, https:\/\/cielarca.com\/wp-content\/uploads\/2025\/10\/44-DSCF23862021-4-1000x658.jpg 1000w, https:\/\/cielarca.com\/wp-content\/uploads\/2025\/10\/44-DSCF23862021-4-230x151.jpg 230w, https:\/\/cielarca.com\/wp-content\/uploads\/2025\/10\/44-DSCF23862021-4-350x230.jpg 350w, https:\/\/cielarca.com\/wp-content\/uploads\/2025\/10\/44-DSCF23862021-4-480x316.jpg 480w\" sizes=\"auto, (max-width: 1024px) 100vw, 1024px\" \/><\/figure>\n\n\n\n<p class=\"has-text-align-center\" style=\"font-size:14px\"><em>Cr\u00e9dit photo: Manuel Apprioual<\/em><\/p>\n\n\n\n<p class=\"has-black-color has-text-color has-link-color wp-elements-39c7ccf286cd413eb271065026048190\" style=\"font-size:20px\"><\/p>\n\n\n\n<p class=\"has-text-align-center has-black-color has-text-color has-link-color wp-elements-a414ae0bf16a2c7fe0d7dcb3af6072be\" style=\"font-size:20px\"><strong>TACT<\/strong>, quartet post-punk, d\u00e9ploie une musique frontale autour d\u2019une parole singuli\u00e8re. S\u2019il a pouss\u00e9 dans les fissures du b\u00e9ton brestois au printemps 2025, le groupe prend racine plus loin, dans la litt\u00e9rature orale asturienne. Ce r\u00e9pertoire, port\u00e9 par la voix puissante de Clara Diez M\u00e1rquez, d\u00e9place ici avec lui ses rythmes, sa profondeur, son insolence et sa fiert\u00e9. Dans cet ici s\u2019op\u00e8re une mutation : la batterie d\u00e9plie les motifs traditionnels en boucles hypnotiques, la guitare \u00e9lectrique et le violon d\u00e9veloppent un langage de mati\u00e8re sonore et de silence, d&rsquo;aplats <em>noise <\/em>et de <em>drones <\/em>diaphanes, le tout formant une musique nouvelle autour de ce chant si vivant. Un bruit fort, un <em>post-punk astur<\/em>.<\/p>\n\n\n\n<p class=\"has-text-align-center\" style=\"font-size:40px\">&#8212;<\/p>\n\n\n\n<p class=\"has-text-align-center\"><strong>Clara Diez M\u00e1rquez<\/strong> : chant<br><strong>Jean-F\u00e9lix Hautbois<\/strong> : batterie<br><strong>St\u00e9phane Kerihuel<\/strong> : guitare \u00e9lectrique<br><strong>Thomas Felder<\/strong> : violon<\/p>\n\n\n\n<figure class=\"wp-block-image size-full\"><a href=\"https:\/\/cielarca.com\/wp-content\/uploads\/2025\/11\/Dossier-Tact.pdf\" target=\"_blank\" rel=\" noreferrer noopener\"><img loading=\"lazy\" decoding=\"async\" width=\"212\" height=\"63\" src=\"https:\/\/cielarca.com\/wp-content\/uploads\/2025\/10\/Captura-de-pantalla-2025-10-27-155122-2.png\" alt=\"\" class=\"wp-image-469\"\/><\/a><\/figure>\n\n\n\n<p class=\"has-text-align-center has-large-font-size\"><em>*<strong>En cr\u00e9ation 2026<\/strong>*<\/em><\/p>\n\n\n\n<figure class=\"wp-block-embed is-type-video is-provider-youtube wp-block-embed-youtube wp-embed-aspect-16-9 wp-has-aspect-ratio\"><div class=\"wp-block-embed__wrapper\">\n<iframe loading=\"lazy\" title=\"TACT - Barca (Videuclip Oficial)\" width=\"1170\" height=\"658\" src=\"https:\/\/www.youtube.com\/embed\/3KT_IifI5ew?feature=oembed\" frameborder=\"0\" allow=\"accelerometer; autoplay; clipboard-write; encrypted-media; gyroscope; picture-in-picture; web-share\" referrerpolicy=\"strict-origin-when-cross-origin\" allowfullscreen><\/iframe>\n<\/div><\/figure>\n\n\n\n<figure class=\"wp-block-embed is-type-rich is-provider-soundcloud wp-block-embed-soundcloud\"><div class=\"wp-block-embed__wrapper\">\n<iframe loading=\"lazy\" title=\"TACT - Veneno by Compagnie L&#039; Arca\" width=\"1170\" height=\"400\" scrolling=\"no\" frameborder=\"no\" src=\"https:\/\/w.soundcloud.com\/player\/?visual=true&#038;url=https%3A%2F%2Fapi.soundcloud.com%2Ftracks%2F2219356919&#038;show_artwork=true&#038;maxheight=1000&#038;maxwidth=1170\"><\/iframe>\n<\/div><\/figure>\n","protected":false},"excerpt":{"rendered":"<p>Cr\u00e9dit photo: Manuel Apprioual TACT, quartet post-punk, d\u00e9ploie une musique frontale autour d\u2019une parole singuli\u00e8re. S\u2019il a pouss\u00e9 dans les fissures du [&hellip;]<\/p>\n","protected":false},"author":1,"featured_media":0,"parent":91,"menu_order":0,"comment_status":"closed","ping_status":"closed","template":"","meta":{"footnotes":""},"class_list":["post-292","page","type-page","status-publish","hentry"],"_links":{"self":[{"href":"https:\/\/cielarca.com\/index.php?rest_route=\/wp\/v2\/pages\/292","targetHints":{"allow":["GET"]}}],"collection":[{"href":"https:\/\/cielarca.com\/index.php?rest_route=\/wp\/v2\/pages"}],"about":[{"href":"https:\/\/cielarca.com\/index.php?rest_route=\/wp\/v2\/types\/page"}],"author":[{"embeddable":true,"href":"https:\/\/cielarca.com\/index.php?rest_route=\/wp\/v2\/users\/1"}],"replies":[{"embeddable":true,"href":"https:\/\/cielarca.com\/index.php?rest_route=%2Fwp%2Fv2%2Fcomments&post=292"}],"version-history":[{"count":12,"href":"https:\/\/cielarca.com\/index.php?rest_route=\/wp\/v2\/pages\/292\/revisions"}],"predecessor-version":[{"id":505,"href":"https:\/\/cielarca.com\/index.php?rest_route=\/wp\/v2\/pages\/292\/revisions\/505"}],"up":[{"embeddable":true,"href":"https:\/\/cielarca.com\/index.php?rest_route=\/wp\/v2\/pages\/91"}],"wp:attachment":[{"href":"https:\/\/cielarca.com\/index.php?rest_route=%2Fwp%2Fv2%2Fmedia&parent=292"}],"curies":[{"name":"wp","href":"https:\/\/api.w.org\/{rel}","templated":true}]}}