{"id":137,"date":"2020-10-14T15:08:58","date_gmt":"2020-10-14T13:08:58","guid":{"rendered":"https:\/\/cielarca.com\/?page_id=137"},"modified":"2026-05-05T16:39:36","modified_gmt":"2026-05-05T14:39:36","slug":"agenda","status":"publish","type":"page","link":"https:\/\/cielarca.com\/?page_id=137","title":{"rendered":"Agenda"},"content":{"rendered":"\n<p style=\"font-size:16px\"><\/p>\n\n\n\n<p style=\"font-size:16px\"><br><strong>Redlef &#8211; 16\/17-05-26 &#8211; La Jet\u00e9e &#8211; Crozon 29<\/strong><br><strong>TACT &#8211; 02-05-26 &#8211; P9 &#8211; Saint Nazaire 44<\/strong><br><strong>TACT &#8211; 13-05-26 &#8211; Ty Anna &#8211; Rennes 35<\/strong><br><strong>TACT &#8211; 14-05-26 &#8211; Le Temple &#8211; Carentoir 56<\/strong><br><strong>TACT &#8211; 06-06-26<\/strong> &#8211; <strong>Hydrophone &#8211; Lorient 56<\/strong><br><strong>Clara Diez M\u00e1rquez &#8211; 09\/10-06-26 &#8211; Bourse compagnonnage FAMDT avec Marion Cousin &#8211; Maison du Patrimoine Vivant &#8211; Vitr\u00e9 35<\/strong><br><strong>TACT &#8211; 23\/26-06-26 &#8211; R\u00e9sidence<\/strong> &#8211; <strong>Run ar Puns &#8211; Chateaulin 29<\/strong><br><strong>Droual\/Felder\/Diez &#8211; 17\/19-09-26 &#8211; R\u00e9sidence festival Atlantikaldia &#8211; Errenter\u00eda<\/strong><br><strong>Droual\/Felder\/Diez &#8211; 20-09-26 &#8211; Festival Atlantikaldia &#8211; Errenter\u00eda<br><\/strong><\/p>\n\n\n\n<p style=\"font-size:50px\">&#8230;<\/p>\n\n\n\n<p style=\"font-size:16px\"><em>TACT &#8211; 30-04-26 &#8211; Aux Anges &#8211; Guern 56<br>Clara Diez M\u00e1rquez &#8211; 29-04-26 &#8211; Premi\u00e8re ArC AtlantiC &#8211; TAP &#8211; Poitiers 86<br>Clara Diez M\u00e1rquez &#8211; 25\/29-04-26 &#8211; R\u00e9sidence ArC AtlantiC &#8211; TAP &#8211; Poitiers 86<\/em><br><em>Clara Diez M\u00e1rquez &#8211; 01\/02-04-26 &#8211; Bourse compagnonnage FAMDT avec Marion Cousin &#8211; L&rsquo;Antipode &#8211; Rennes 35<\/em><br><em>Droual\/Felder\/Diez &#8211; 11\/14-03-26 &#8211; R\u00e9sidence Errenteriako Herri Arte Eskola &#8211; Errenter\u00eda<\/em><br><em>Clara Diez M\u00e1rquez &#8211; 07-03-26 &#8211; Concert p\u00e9dagogique &#8211; Skol ar Louarn &#8211; Baud 56<\/em><br><em>Clara Diez M\u00e1rquez &#8211; 18\/19-01-26 &#8211; Bourse compagnonnage FAMDT avec Marion Cousin &#8211; Le Quartz -Brest 29<\/em><br><em>Clara Diez M\u00e1rquez &#8211; 13\/15-01\/26 &#8211; R\u00e9sidence avec Marion Cousin &#8211; Cerc &#8211; Pau 64<\/em><\/p>\n\n\n\n<p>*<\/p>\n\n\n\n<p style=\"font-size:16px\">Clara Diez M\u00e1rquez &#8211; 10\/18-12-25 &#8211; R\u00e9sidence ArC AtlantiC &#8211; La MECA &#8211; Bordeaux 33<br><em>Clara Diez M\u00e1rquez &#8211; 09-10-25 &#8211; Sola &#8211; MIMA, Maison des Cultures du Monde &#8211; Vitr\u00e9 35<\/em><br><em>Clara Diez M\u00e1rquez &#8211; 26\/27-09-25 &#8211; bal, table ronde et Sola &#8211; Les Bord\u00e9es &#8211; Cancale 35<\/em><br><em>Clara Diez M\u00e1rquez &#8211; 17-08-25 &#8211; Muzik au March\u00e9 &#8211; Queven 25<\/em><br><em>Redlef &#8211; 16-07-25 &#8211; L&rsquo;Improbable caf\u00e9 culturel &#8211; Plestin-les-Gr\u00e8ves 22<br>Clara Diez M\u00e1rquez &#8211; 14\/19-07-25 &#8211; Masterclass &#8211; Les Suds, \u00e0 Arles &#8211; Arles 13<\/em><br><em>Redlef &#8211; 26-06-25 &#8211; Performance &#8211; Domaine de Tiz\u00e9 &#8211; Au bout du Plongeoir &#8211; Rennes 35<\/em><br><em>Redlef &#8211; 23\/27-06-25 &#8211; R\u00e9sidence &#8211; Domaine de Tiz\u00e9 &#8211; Au bout du Plongeoir &#8211; Rennes 35<\/em><br><em>Redlef &#8211; 06\/10-06-25 &#8211; R\u00e9sidence &#8211; Domaine de Tiz\u00e9 &#8211; Au bout du Plongeoir &#8211; Rennes 35<\/em><br><em>Redlef &#8211; 08-06-25 &#8211; Maison Ernest Ch\u00e9reau &#8211; Rennes 35<\/em><br><em>Redlef &#8211; 17-05-25 &#8211; La Grande Frini\u00e8re &#8211; Cesson S\u00e9vign\u00e9 35<\/em><br><em>Clara Diez M\u00e1rquez &#8211; 12-03-25 &#8211; Eurofonik &#8211; Nantes 44<\/em><br><em>Redlef &#8211; 12-03-25 &#8211; Eurofonik &#8211; Nantes 44<\/em><br><em>Clara Diez M\u00e1rquez &#8211; 03\/05-02-25 &#8211; R\u00e9sidence ArC AtlantiC &#8211; Cerc &#8211; Pau 64<\/em><\/p>\n\n\n\n<p style=\"font-size:16px\">*<br><em><br>Conq-Felder &#8211; 04-10-24 &#8211; F\u00eate des r\u00e9coltes &#8211; Eau potable \u00e0 tous les \u00e9tages &#8211; Vezin-le-Coquet 35<\/em><br><em>Conq-Felder &#8211; 21-09-24 &#8211; Fest-noz &#8211; Retritout &#8211; Bannalec 29<\/em><br><em>Redlef &#8211; 27-07-24 &#8211; Les Haras &#8211; Lanmeur 29<\/em><br><em>Conq-Felder &#8211; 30-06-24 &#8211; Guinguette A-Dreuz &#8211; Lorient 56<\/em><br><em>Redlef &#8211; 24\/28-06-24 &#8211; R\u00e9sidence &#8211; Le Logello\u00f9 &#8211; Penv\u00e9nan 22<\/em><br><em>Redlef &#8211; 16-06-24 &#8211; Eau potable \u00e0 tous les \u00e9tages &#8211; Rennes 35<\/em><br><em>Muga &#8211; 07-06-24 &#8211; Horizons &#8211; Land\u00e9da 29<br>Muga &#8211; 18-05-24 &#8211; Le Plancher du Monde &#8211; Langonnet 56<br>Clara Diez M\u00e1rquez &#8211; 30-03-24 &#8211; Masterclass et Sola &#8211; Ar\u00e9oport &#8211; Douarnenez 29<\/em><br><em>Redlef &#8211; 25\/29-03-24 &#8211; R\u00e9sidence &#8211; Le Logello\u00f9 &#8211; Penv\u00e9nan 22<\/em><br><em>Conq-Felder &#8211; 03-03-24 &#8211; Roue Waroch &#8211; Plescop 56<\/em><br><em>Conq-Felder &#8211; 17-02-24 &#8211; F\u00eate du violon &#8211; Luzy 58<\/em><br><em>Redlef &#8211; 05\/09-02-24 &#8211; R\u00e9sidence &#8211; Cerc &#8211; Pau 64<br>Muga &#8211; 08-02-24 &#8211; Carnaval Biarn\u00e9s &#8211; Pau 64<\/em><br><em>Conq-Felder &#8211; 02-02-24 &#8211; Fest-deiz &#8211; Jungle Kafe &#8211; Lannion 22<\/em><\/p>\n\n\n\n<p style=\"font-size:16px\">*<\/p>\n\n\n\n<p style=\"font-size:16px\"><em>Muga &#8211; 14-10-23 &#8211; Le Grand Soufflet &#8211; La Nouvelle Vague &#8211; Saint Malo 35<br>Muga &#8211; 15-09-23 &#8211; Matrimoines[s] &#8211; Rennes 35<\/em><br><em>Conq-Felder &#8211; 06-08-23 &#8211; FIL &#8211; Salle Carnot &#8211; Lorient 56<\/em><br><em>Muga &#8211; 19-06-23 &#8211; Lorient, Voix de Femmes &#8211; MPT Kerv\u00e9nanec &#8211; Lorient 56<\/em><br><em>Muga &#8211; 11-05-23 &#8211; Lorient, Voix de Femmes &#8211; CHRS Le Safran &#8211; Lorient 56<\/em><br><em>Muga &#8211; 25-04-23 &#8211; Lorient, Voix de Femmes &#8211; Hydrophone &#8211; Lorient 56<\/em><br><em>Conq-Felder &#8211; 23-04-23 &#8211; Cadence &#8211; F\u00eate du Chant &#8211; Bovel 35<\/em><br><em>Conq-Felder &#8211; 01-04-23 &#8211; Divaskell Sant Teve &#8211; Saint Av\u00e9 56<\/em><br><em>Conq-Felder &#8211; 03-02-23 &#8211; Cadence &#8211; Gallo Tonic &#8211; Erc\u00e9-pr\u00e8s-Liffr\u00e9 35<\/em><br><em>Conq-Felder &#8211; 28-01-23 &#8211; Cadence &#8211; Voix Bretonnes &#8211; Nantes 44<br>Muga &#8211; 13-01-23 &#8211; Le Confort Moderne &#8211; Poitiers 86<\/em><\/p>\n\n\n\n<p style=\"font-size:16px\">*<\/p>\n\n\n\n<p style=\"font-size:16px\"><em>Conq-Felder &#8211; 26-08-22 &#8211; Festival Fisel &#8211; Rostronen 22<\/em><br><em>Clara Diez M\u00e1rquez &#8211; 14-08-22 &#8211; FIL &#8211; Th\u00e9\u00e2tre de Lorient &#8211; Lorient 56<br>Muga &#8211; 14-08-22 &#8211; FIL &#8211; Quai de la Bretagne &#8211; Lorient 56<br>Muga &#8211; 06-08-22 &#8211; Larmor Plage 56<\/em><br><em>Conq-Felder &#8211; 21-07-22 &#8211; Chemins de Patrimoine en Finist\u00e8re &#8211; Ch\u00e2teau de Kerjean 29<\/em><br><em>Conq-Felder &#8211; 12-07-22 &#8211; Bar Breton &#8211; Brec&rsquo;h 56<br>Muga &#8211; 24-06-22 &#8211; Centre Albert Jacquard &#8211; Lanester 56<br>Clara Diez M\u00e1rquez &#8211; 17-06-22 &#8211; Sola &#8211; Quimperl\u00e9 29<\/em><br><em>Conq-Felder &#8211; 26-06-22 &#8211; La Gall\u00e9sie en F\u00eate &#8211; Monterfil 35<br>Muga &#8211; 10-06-22 &#8211; Coll\u00e8ge \u00c9mile Maz\u00e9 &#8211; Gu\u00e9men\u00e9-sur-Sorff 56<\/em><br><em>Conq-Felder &#8211; 02-06-22 &#8211; Cadence &#8211; Amzer Nevez &#8211; Ploemeur 56<\/em><\/p>\n\n\n\n<p style=\"font-size:16px\">*<\/p>\n\n\n\n<p style=\"font-size:16px\"><em>Muga &#8211; 26-11-21 &#8211; NoBorder &#8211; Centre Henri-Queff\u00e9lec &#8211; Gouesnou 29<br>Muga &#8211; 25-11-21 &#8211; CMS La Gare &#8211; Lorient 56<br>Muga &#8211; 14-08-21 &#8211; FIL &#8211; Quai de la Bretagne &#8211; Lorient 56<br>Clara Diez M\u00e1rquez 25-07-21 &#8211; Arr\u00e9e Voce &#8211; Abbaye du Relec 29<br>Muga &#8211; 23-07-21 &#8211; Les Alentours &#8211; Ferme des 7 chemins &#8211; Pless\u00e9 44<br>Muga &#8211; 16-07-21 &#8211; MPT Kerv\u00e9nanec &#8211; Lorient 56<br>Muga &#8211; 13-07-21 &#8211; CHRS Le Safran &#8211; Lorient 56<br>Muga &#8211; 11-07-21 &#8211; Muzik au March\u00e9 &#8211; Queven 56<br>El Conciert\u00edn de Muga &#8211; 08-07-21 &#8211; CS de Kerangoff &#8211; Brest 29<\/em><br><em>El Conciert\u00edn de Muga &#8211; 08-07-21 &#8211; CLSH Dupouy-Aubrac &#8211; Brest 29<br>Muga &#8211; 28-05-21 &#8211; Coll\u00e8ge \u00c9mile Maz\u00e9 &#8211; Gu\u00e9men\u00e9-sur-Sorff 56<\/em><br><em>Muga &#8211; 25\/28-01-21 &#8211; R\u00e9sidence &#8211; Le D\u00f4me &#8211; Saint Av\u00e9 56<\/em><br><em>El Conciert\u00edn de Muga<\/em> &#8211; <em>15-01-21 &#8211; Halte-garderie K\u00e9r\u00e9dern &#8211; Brest 29<\/em><br><em>El Conciert\u00edn de Muga<\/em> &#8211; <em>14-01-21 &#8211; Halte-garderie K\u00e9rangoff &#8211; Brest 29<\/em><br><em>El Conciert\u00edn de Muga<\/em> &#8211; <em>14-01-21 &#8211; Cr\u00eache municipale Bellevue &#8211; Brest 29<\/em><br><em>El Conciert\u00edn de Muga<\/em> <em>&#8211; 13-01-21 &#8211; Halte-garderie K\u00e9rourien &#8211; Brest 29<\/em><br><em><em>El Conciert\u00edn de Muga<\/em><\/em> &#8211; <em>12-01-21 &#8211; Halte-garderie Pen Ar Cr\u00e9ach &#8211; Brest 29<\/em><br><em>El Conciert\u00edn de Muga &#8211; 12-01-21 &#8211; Halte-garderie<\/em> Bellevue &#8211; <em>Brest 29<\/em><br><em>El Conciert\u00edn de Muga &#8211; 11-01-21 &#8211; Halte-garderie Pontanezen &#8211; Brest 29<\/em><br><br>*<\/p>\n\n\n\n<p style=\"font-size:16px\"><em>Muga &#8211; 30-11\/04-12-20 &#8211; R\u00e9sidence &#8211; Hydrophone &#8211; Lorient 56<\/em><br><em>Muga &#8211; <em>03\/05-11-20<\/em><\/em> &#8211; <em>R\u00e9sidence &#8211; La Car\u00e8ne &#8211; Brest 29<\/em><br><em>Clara Diez M\u00e1rquez &#8211; 30-09-20 &#8211; P&rsquo;tit Concert &#8211; La Car\u00e8ne &#8211; Brest 29<\/em><br><em>Muga &#8211; 30-09\/01-10-20 &#8211; R\u00e9sidence &#8211; La Car\u00e8ne &#8211; Brest 29<br>Muga &#8211; 19-09-20 &#8211; Josselin 56<\/em><br><em>Muga &#8211; 07\/11-09-20 &#8211; R\u00e9sidence &#8211; La Grande Boutique &#8211; Langonnet 56<\/em><br><em>Conq-Felder &#8211; 21-07-20 &#8211; Service Culturel Plobannalec-Lesconil 29<br>Muga &#8211; 21-02-20 &#8211; Pan Piper &#8211; Paris 75<br>Muga &#8211; 22-01-20 &#8211; BIS &#8211; Nantes 44<\/em><\/p>\n\n\n\n<p style=\"font-size:16px\">*<\/p>\n\n\n\n<p style=\"font-size:16px\"><em>Muga &#8211; 13-12-19 &#8211; NoBorder &#8211; Le Quartz &#8211; Brest 29<\/em><br><em>Conq-Felder &#8211; 06-12-19 &#8211; Mod Koz &#8211; Rennes 35<br>Muga &#8211; 05-12-19 &#8211; Bars en Trans &#8211; Th\u00e9\u00e2tre de La Parch\u00e9minerie &#8211; Rennes 35<br>Muga &#8211; 21-11-19 &#8211; Le Nouveau Pavillon &#8211; Bouguenais 44 <\/em><br><em>Muga &#8211; 21-11-19 &#8211; Le Nouveau Pavillon &#8211; Musiques et Danses 44 &#8211; Bouguenais 44<br>Clara Diez M\u00e1rquez &#8211; 16\/17-11-19 &#8211; Masterclass &#8211; Conservatoire &#8211; Saint Nazaire 44<br>Clara Diez M\u00e1rquez &#8211; 10-11-19 &#8211; Sola &#8211; Rambalh de la Sant Martin &#8211; La Ciutat &#8211; Pau <\/em><br><em>Conq-Felder &#8211; Yaouank &#8211; Ty Anna &#8211; Rennes 35<br>Muga &#8211; 22-08-19 &#8211; Jeudis des Musiques du Monde &#8211; CMTRA &#8211; Lyon 69<\/em><br><em>Conq-Felder &#8211; 14-08-19 &#8211; Mercredis musicaux &#8211; Quimperl\u00e9 29<br>Muga &#8211; 12-08-19 &#8211; TRAMA &#8211; Vellver de Cerdanya<br>Muga &#8211; 09-08-19 &#8211; FIL &#8211; Pavillon Asturies &#8211; Lorient 56<br>Muga &#8211; 21-07-19 &#8211; Les Vieilles Charrues &#8211; Carhaix 29<br>Muga &#8211; 16-07-19 &#8211; Bar Breton &#8211; Brec&rsquo;h <br>Muga &#8211; 13-07-19 &#8211; Arcu Atl\u00e1nticu &#8211; XIx\u00f3n<br>Muga &#8211; 11-07-19 &#8211; Les Suds \u00e0 Arles &#8211; Arles 13<br>Muga &#8211; 25-05-19 &#8211; Ty Anna &#8211; Rennes 35<br>Muga &#8211; 23-05-19 &#8211; Le Coquelicot &#8211; Foug\u00e8res 35<br>Muga &#8211; 16-05-19 &#8211; Ap\u00e9ros Klam &#8211; M\u00e9riadec 56<br>Muga &#8211; 25-04-19 &#8211; Aux Anges &#8211; Guern 56<br>Muga &#8211; 18-04-19 &#8211; Perenn &#8211; Kl\u00e9guerec 56<br>Muga &#8211; 08-03-19 &#8211; Tavarn ar Roue Morvan &#8211; Lorient 56<br>Clara Diez M\u00e1rquez &#8211; 03-03-19 &#8211; Kan Ba&rsquo;r Bistro &#8211; La Chapelle Neuve 29<\/em><br><\/p>\n\n\n\n<p style=\"font-size:15px\"><\/p>\n\n\n\n<p><\/p>\n","protected":false},"excerpt":{"rendered":"<p>Redlef &#8211; 16\/17-05-26 &#8211; La Jet\u00e9e &#8211; Crozon 29TACT &#8211; 02-05-26 &#8211; P9 &#8211; Saint Nazaire 44TACT &#8211; 13-05-26 &#8211; Ty Anna [&hellip;]<\/p>\n","protected":false},"author":1,"featured_media":0,"parent":0,"menu_order":0,"comment_status":"closed","ping_status":"closed","template":"","meta":{"footnotes":""},"class_list":["post-137","page","type-page","status-publish","hentry"],"_links":{"self":[{"href":"https:\/\/cielarca.com\/index.php?rest_route=\/wp\/v2\/pages\/137","targetHints":{"allow":["GET"]}}],"collection":[{"href":"https:\/\/cielarca.com\/index.php?rest_route=\/wp\/v2\/pages"}],"about":[{"href":"https:\/\/cielarca.com\/index.php?rest_route=\/wp\/v2\/types\/page"}],"author":[{"embeddable":true,"href":"https:\/\/cielarca.com\/index.php?rest_route=\/wp\/v2\/users\/1"}],"replies":[{"embeddable":true,"href":"https:\/\/cielarca.com\/index.php?rest_route=%2Fwp%2Fv2%2Fcomments&post=137"}],"version-history":[{"count":42,"href":"https:\/\/cielarca.com\/index.php?rest_route=\/wp\/v2\/pages\/137\/revisions"}],"predecessor-version":[{"id":516,"href":"https:\/\/cielarca.com\/index.php?rest_route=\/wp\/v2\/pages\/137\/revisions\/516"}],"wp:attachment":[{"href":"https:\/\/cielarca.com\/index.php?rest_route=%2Fwp%2Fv2%2Fmedia&parent=137"}],"curies":[{"name":"wp","href":"https:\/\/api.w.org\/{rel}","templated":true}]}}